{"id":258,"date":"2018-01-22T10:17:40","date_gmt":"2018-01-22T14:17:40","guid":{"rendered":"http:\/\/ayuntamiento.o\/transparencia\/?page_id=258"},"modified":"2025-03-28T15:22:41","modified_gmt":"2025-03-28T19:22:41","slug":"responsable-de-acceso-a-la-informacion","status":"publish","type":"page","link":"https:\/\/ayuntamientoelcercado.gob.do\/transparencia\/responsable-de-acceso-a-la-informacion\/","title":{"rendered":"Responsable de Acceso a la Informaci\u00f3n"},"content":{"rendered":"<h2><strong>Contacto Responsable de Acceso a la Informaci\u00f3n<\/strong><\/h2>\n<h4 style=\"text-align: left\"><strong>Responsable de Acceso a la Informaci\u00f3n (RAI):<\/strong>\u00a0Felipe Encarnaci\u00f3n Montero<\/h4>\n<h4><strong>Tel\u00e9fono:<\/strong> (809) 847-1409<\/h4>\n<h4><strong>Correo:<\/strong> <span style=\"font-weight: 400\">oai@alcaldiaelcercado.onmicrosoft.com<\/span><\/h4>\n<h4><strong>Direcci\u00f3n:<\/strong> Calle Mella No. 30, El Cercado, Provincia San Juan, R.D.<\/h4>\n<h4><strong>Redes sociales: <\/strong>@ayuntamientoelcercado<\/h4>\n<p>\u00a0<\/p>\n\n\n<figure class=\"wp-block-gallery has-nested-images columns-default is-cropped\">\n<figure class=\"wp-block-image\"><img loading=\"lazy\" width=\"2443\" height=\"1830\" data-id=\"1290\"  src=\"https:\/\/ayuntamientoelcercado.gob.do\/transparencia\/wp-content\/uploads\/2025\/03\/WhatsApp-Image-2025-03-28-at-3.03.10-PM-1-edited.jpeg\" alt=\"\" class=\"wp-image-1290\" srcset=\"https:\/\/ayuntamientoelcercado.gob.do\/transparencia\/wp-content\/uploads\/2025\/03\/WhatsApp-Image-2025-03-28-at-3.03.10-PM-1-edited.jpeg 2443w, https:\/\/ayuntamientoelcercado.gob.do\/transparencia\/wp-content\/uploads\/2025\/03\/WhatsApp-Image-2025-03-28-at-3.03.10-PM-1-edited-250x187.jpeg 250w, https:\/\/ayuntamientoelcercado.gob.do\/transparencia\/wp-content\/uploads\/2025\/03\/WhatsApp-Image-2025-03-28-at-3.03.10-PM-1-edited-700x524.jpeg 700w, https:\/\/ayuntamientoelcercado.gob.do\/transparencia\/wp-content\/uploads\/2025\/03\/WhatsApp-Image-2025-03-28-at-3.03.10-PM-1-edited-768x575.jpeg 768w, https:\/\/ayuntamientoelcercado.gob.do\/transparencia\/wp-content\/uploads\/2025\/03\/WhatsApp-Image-2025-03-28-at-3.03.10-PM-1-edited-1536x1151.jpeg 1536w, https:\/\/ayuntamientoelcercado.gob.do\/transparencia\/wp-content\/uploads\/2025\/03\/WhatsApp-Image-2025-03-28-at-3.03.10-PM-1-edited-2048x1534.jpeg 2048w, https:\/\/ayuntamientoelcercado.gob.do\/transparencia\/wp-content\/uploads\/2025\/03\/WhatsApp-Image-2025-03-28-at-3.03.10-PM-1-edited-120x90.jpeg 120w\" sizes=\"(max-width: 2443px) 100vw, 2443px\" \/><\/figure>\n<\/figure>\n","protected":false},"excerpt":{"rendered":"Contacto Responsable de Acceso a la Informaci\u00f3n Responsable de Acceso a la Informaci\u00f3n (RAI):\u00a0Felipe Encarnaci\u00f3n Montero Tel\u00e9fono: (809) 847-1409 Correo: oai@alcaldiaelcercado.onmicrosoft.com Direcci\u00f3n: Calle Mella No. 30, El Cercado, Provincia San Juan, R.D. Redes sociales: @ayuntamientoelcercado \u00a0","protected":false},"author":3,"featured_media":0,"parent":0,"menu_order":0,"comment_status":"closed","ping_status":"closed","template":"","meta":[],"acf":[],"_links":{"self":[{"href":"https:\/\/ayuntamientoelcercado.gob.do\/transparencia\/wp-json\/wp\/v2\/pages\/258"}],"collection":[{"href":"https:\/\/ayuntamientoelcercado.gob.do\/transparencia\/wp-json\/wp\/v2\/pages"}],"about":[{"href":"https:\/\/ayuntamientoelcercado.gob.do\/transparencia\/wp-json\/wp\/v2\/types\/page"}],"author":[{"embeddable":true,"href":"https:\/\/ayuntamientoelcercado.gob.do\/transparencia\/wp-json\/wp\/v2\/users\/3"}],"replies":[{"embeddable":true,"href":"https:\/\/ayuntamientoelcercado.gob.do\/transparencia\/wp-json\/wp\/v2\/comments?post=258"}],"version-history":[{"count":10,"href":"https:\/\/ayuntamientoelcercado.gob.do\/transparencia\/wp-json\/wp\/v2\/pages\/258\/revisions"}],"predecessor-version":[{"id":1292,"href":"https:\/\/ayuntamientoelcercado.gob.do\/transparencia\/wp-json\/wp\/v2\/pages\/258\/revisions\/1292"}],"wp:attachment":[{"href":"https:\/\/ayuntamientoelcercado.gob.do\/transparencia\/wp-json\/wp\/v2\/media?parent=258"}],"curies":[{"name":"wp","href":"https:\/\/api.w.org\/{rel}","templated":true}]}}